{"id":57,"date":"2025-11-19T13:05:43","date_gmt":"2025-11-19T12:05:43","guid":{"rendered":"https:\/\/ateliersaintgeorges-ceramique.fr\/?page_id=57"},"modified":"2025-11-20T11:48:36","modified_gmt":"2025-11-20T10:48:36","slug":"service","status":"publish","type":"page","link":"https:\/\/ateliersaintgeorges-ceramique.fr\/index.php\/service\/","title":{"rendered":"Service"},"content":{"rendered":"\n<main class=\"wp-block-group\"><div class=\"wp-block-group__inner-container is-layout-constrained wp-block-group-is-layout-constrained\">\n<div class=\"wp-block-group alignfull has-background\" style=\"background-color:#f5f2ed;padding-top:80px;padding-right:40px;padding-bottom:80px;padding-left:40px\"><div class=\"wp-block-group__inner-container is-layout-constrained wp-container-core-group-is-layout-9991b513 wp-block-group-is-layout-constrained\">\n<h1 class=\"wp-block-heading has-text-align-center\">R\u00e9alisations &amp; projets<\/h1>\n\n\n\n<p class=\"has-text-align-center\">S\u00e9lection de collaborations et de pi\u00e8ces uniques imagin\u00e9es pour des lieux, des tables et des clients qui partagent la m\u00eame exigence.<\/p>\n<\/div><\/div>\n\n\n\n<div class=\"wp-block-group\" style=\"padding-top:60px;padding-right:30px;padding-bottom:40px;padding-left:30px\"><div class=\"wp-block-group__inner-container is-layout-constrained wp-container-core-group-is-layout-6d573574 wp-block-group-is-layout-constrained\">\n<div class=\"wp-block-columns is-layout-flex wp-container-core-columns-is-layout-2679cf2c wp-block-columns-is-layout-flex\">\n<div class=\"wp-block-column is-layout-flow wp-block-column-is-layout-flow\">\n<div class=\"wp-block-group\" style=\"border-width:1px;border-radius:8px;padding-top:24px;padding-right:24px;padding-bottom:24px;padding-left:24px\"><div class=\"wp-block-group__inner-container is-layout-flow wp-block-group-is-layout-flow\">\n<h3 class=\"wp-block-heading\">Service de table pour restaurant gastronomique<\/h3>\n\n\n\n<p>Cr\u00e9ation d\u2019un ensemble de pi\u00e8ces sur mesure (assiettes, bols, supports) pour accompagner un menu d\u00e9gustation. Palette d\u2019\u00e9maux min\u00e9raux, formes sobres et l\u00e9g\u00e8res variations de textures.<\/p>\n\n\n\n<p class=\"has-small-font-size\">Lieu \/ Ville \u2013 Ann\u00e9e<\/p>\n<\/div><\/div>\n<\/div>\n\n\n\n<div class=\"wp-block-column is-layout-flow wp-block-column-is-layout-flow\">\n<div class=\"wp-block-group\" style=\"border-width:1px;border-radius:8px;padding-top:24px;padding-right:24px;padding-bottom:24px;padding-left:24px\"><div class=\"wp-block-group__inner-container is-layout-flow wp-block-group-is-layout-flow\">\n<h3 class=\"wp-block-heading\">Pi\u00e8ces pour suite d\u2019h\u00f4tel &amp; espaces de r\u00e9ception<\/h3>\n\n\n\n<p>Vases, vide-poches et objets d\u2019accent destin\u00e9s aux suites et aux salons, pens\u00e9s comme des ponctuations silencieuses dans l\u2019espace.<\/p>\n\n\n\n<p class=\"has-small-font-size\">H\u00f4tel \/ Ville \u2013 Ann\u00e9e<\/p>\n<\/div><\/div>\n<\/div>\n\n\n\n<div class=\"wp-block-column is-layout-flow wp-block-column-is-layout-flow\">\n<div class=\"wp-block-group\" style=\"border-width:1px;border-radius:8px;padding-top:24px;padding-right:24px;padding-bottom:24px;padding-left:24px\"><div class=\"wp-block-group__inner-container is-layout-flow wp-block-group-is-layout-flow\">\n<h3 class=\"wp-block-heading\">Collections limit\u00e9es &amp; pi\u00e8ces uniques<\/h3>\n\n\n\n<p>S\u00e9ries courtes et pi\u00e8ces singuli\u00e8res, \u00e9dit\u00e9es en nombre limit\u00e9, disponibles \u00e0 l\u2019atelier ou via des s\u00e9lections temporaires.<\/p>\n\n\n\n<p class=\"has-small-font-size\">Atelier St Georges \u2013 Ann\u00e9e<\/p>\n<\/div><\/div>\n<\/div>\n<\/div>\n<\/div><\/div>\n\n\n\n<div class=\"wp-block-group has-background\" style=\"background-color:#f5f2ed;padding-top:40px;padding-right:30px;padding-bottom:40px;padding-left:30px\"><div class=\"wp-block-group__inner-container is-layout-constrained wp-container-core-group-is-layout-613bfe1d wp-block-group-is-layout-constrained\">\n<h2 class=\"wp-block-heading\">Galerie<\/h2>\n\n\n\n<p>Quelques images d\u2019ambiances, de d\u00e9tails de mati\u00e8res et de pi\u00e8ces en situation. Remplacez ces visuels par vos propres photos.<\/p>\n\n\n\n<figure class=\"wp-block-gallery has-nested-images columns-3 is-cropped wp-block-gallery-1 is-layout-flex wp-block-gallery-is-layout-flex\">\n\n\n\n\n\n\n\n\n\n<\/figure>\n<\/div><\/div>\n\n\n\n<div class=\"wp-block-group\" style=\"padding-top:60px;padding-right:30px;padding-bottom:80px;padding-left:30px\"><div class=\"wp-block-group__inner-container is-layout-constrained wp-container-core-group-is-layout-189e3f07 wp-block-group-is-layout-constrained\">\n<h2 class=\"wp-block-heading has-text-align-center\">Ils parlent de l\u2019atelier<\/h2>\n\n\n\n<div class=\"wp-block-columns is-layout-flex wp-container-core-columns-is-layout-79b4c463 wp-block-columns-is-layout-flex\" style=\"margin-top:40px\">\n<div class=\"wp-block-column is-layout-flow wp-block-column-is-layout-flow\">\n<blockquote class=\"wp-block-quote is-layout-flow wp-block-quote-is-layout-flow\">\n<p>\u00ab&nbsp;Des pi\u00e8ces \u00e0 la fois discr\u00e8tes et parfaitement \u00e0 leur place dans notre service. Une vraie continuit\u00e9 avec notre cuisine.&nbsp;\u00bb<\/p>\n<cite>Chef \/ Restaurant<\/cite><\/blockquote>\n<\/div>\n\n\n\n<div class=\"wp-block-column is-layout-flow wp-block-column-is-layout-flow\">\n<blockquote class=\"wp-block-quote is-layout-flow wp-block-quote-is-layout-flow\">\n<p>\u00ab&nbsp;Un travail de mati\u00e8re remarquable, qui apporte une profondeur particuli\u00e8re aux espaces que nous am\u00e9nageons.&nbsp;\u00bb<\/p>\n<cite>Architecte d\u2019int\u00e9rieur<\/cite><\/blockquote>\n<\/div>\n\n\n\n<div class=\"wp-block-column is-layout-flow wp-block-column-is-layout-flow\">\n<blockquote class=\"wp-block-quote is-layout-flow wp-block-quote-is-layout-flow\">\n<p>\u00ab&nbsp;Une c\u00e9ramique contemporaine sobre et habit\u00e9e, qui assume le geste et le temps de l\u2019atelier.&nbsp;\u00bb<\/p>\n<cite>Presse \/ Curateur<\/cite><\/blockquote>\n<\/div>\n<\/div>\n<\/div><\/div>\n<\/div><\/main>\n\n\n\n<div class=\"wp-block-group has-text-color has-background\" style=\"color:#ffffff;background-color:#222222;padding-top:40px;padding-right:30px;padding-bottom:40px;padding-left:30px\"><div class=\"wp-block-group__inner-container is-layout-constrained wp-container-core-group-is-layout-f32e2028 wp-block-group-is-layout-constrained\">\n<p class=\"has-text-align-center has-small-font-size\"><strong>Atelier Saint Georges<\/strong><\/p>\n\n\n\n<p class=\"has-text-align-center has-small-font-size\">Adresse&nbsp;: 13, la l\u00e9vini\u00e8re, 85600 St Georges de Montaigu, France<\/p>\n\n\n\n<p class=\"has-text-align-center has-small-font-size\">Mail&nbsp;: <a href=\"mailto:contact@ateliersaintgeorges-ceramique.fr\">contact@ateliersaintgeorges-ceramique.fr<\/a> &nbsp;|&nbsp; T\u00e9l.&nbsp;: <a href=\"tel:+33661022674\">+33 (0)6 61 02 26 74<\/a> \/ <a href=\"tel:+33660586344\">+33 (0)6 60 58 63 44<\/a><\/p>\n\n\n\n<p class=\"has-text-align-center has-small-font-size\">Instagram&nbsp;: <a href=\"https:\/\/www.instagram.com\/atelierstgeorges\" target=\"_blank\" rel=\"noreferrer noopener\">@atelierstgeorges<\/a><\/p>\n<\/div><\/div>\n","protected":false},"excerpt":{"rendered":"<p>R\u00e9alisations &amp; projets S\u00e9lection de collaborations et de pi\u00e8ces uniques imagin\u00e9es pour des lieux, des tables et des clients qui partagent la m\u00eame exigence. Service de table pour restaurant gastronomique Cr\u00e9ation d\u2019un ensemble de pi\u00e8ces sur mesure (assiettes, bols, supports) pour accompagner un menu d\u00e9gustation. Palette d\u2019\u00e9maux min\u00e9raux, formes sobres et l\u00e9g\u00e8res variations de textures.<\/p>\n","protected":false},"author":1,"featured_media":0,"parent":0,"menu_order":0,"comment_status":"closed","ping_status":"closed","template":"","meta":{"footnotes":""},"class_list":["post-57","page","type-page","status-publish","hentry"],"_links":{"self":[{"href":"https:\/\/ateliersaintgeorges-ceramique.fr\/index.php\/wp-json\/wp\/v2\/pages\/57","targetHints":{"allow":["GET"]}}],"collection":[{"href":"https:\/\/ateliersaintgeorges-ceramique.fr\/index.php\/wp-json\/wp\/v2\/pages"}],"about":[{"href":"https:\/\/ateliersaintgeorges-ceramique.fr\/index.php\/wp-json\/wp\/v2\/types\/page"}],"author":[{"embeddable":true,"href":"https:\/\/ateliersaintgeorges-ceramique.fr\/index.php\/wp-json\/wp\/v2\/users\/1"}],"replies":[{"embeddable":true,"href":"https:\/\/ateliersaintgeorges-ceramique.fr\/index.php\/wp-json\/wp\/v2\/comments?post=57"}],"version-history":[{"count":4,"href":"https:\/\/ateliersaintgeorges-ceramique.fr\/index.php\/wp-json\/wp\/v2\/pages\/57\/revisions"}],"predecessor-version":[{"id":179,"href":"https:\/\/ateliersaintgeorges-ceramique.fr\/index.php\/wp-json\/wp\/v2\/pages\/57\/revisions\/179"}],"wp:attachment":[{"href":"https:\/\/ateliersaintgeorges-ceramique.fr\/index.php\/wp-json\/wp\/v2\/media?parent=57"}],"curies":[{"name":"wp","href":"https:\/\/api.w.org\/{rel}","templated":true}]}}