{"id":127,"date":"2025-11-19T21:53:13","date_gmt":"2025-11-19T20:53:13","guid":{"rendered":"https:\/\/ateliersaintgeorges-ceramique.fr\/?page_id=127"},"modified":"2026-04-02T16:12:38","modified_gmt":"2026-04-02T14:12:38","slug":"new-accueil","status":"publish","type":"page","link":"https:\/\/ateliersaintgeorges-ceramique.fr\/","title":{"rendered":"Accueil"},"content":{"rendered":"\n<div class=\"wp-block-group\" style=\"padding-top:60px;padding-bottom:40px\"><div class=\"wp-block-group__inner-container is-layout-constrained wp-block-group-is-layout-constrained\">\n<h2 class=\"wp-block-heading has-text-align-center\">Un atelier d\u00e9di\u00e9 \u00e0 la mati\u00e8re, au geste et au temps long<\/h2>\n\n\n\n<p class=\"has-text-align-center\">L\u2019atelier cr\u00e9e des pi\u00e8ces en gr\u00e8s et en porcelaine, tourn\u00e9es ou fa\u00e7onn\u00e9es \u00e0 la main. Notre mission&nbsp;: proposer des objets qui accompagnent les gestes du quotidien, alliant utilit\u00e9, confort et po\u00e9sie. De la recherche des terres aux cuissons \u00e0 haute temp\u00e9rature, chaque \u00e9tape est r\u00e9alis\u00e9e avec exigence et sens du d\u00e9tail.<\/p>\n<\/div><\/div>\n\n\n\n<main class=\"wp-block-group\"><div class=\"wp-block-group__inner-container is-layout-constrained wp-block-group-is-layout-constrained\">\n<div class=\"wp-block-group alignfull has-background\" style=\"background-color:#f5f2ed;padding-top:80px;padding-right:40px;padding-bottom:80px;padding-left:40px\"><div class=\"wp-block-group__inner-container is-layout-constrained wp-container-core-group-is-layout-9991b513 wp-block-group-is-layout-constrained\">\n<div class=\"wp-block-columns are-vertically-aligned-center is-layout-flex wp-container-core-columns-is-layout-febd5ed0 wp-block-columns-is-layout-flex\">\n<div class=\"wp-block-column is-vertically-aligned-center is-layout-flow wp-block-column-is-layout-flow\">\n<h1 class=\"wp-block-heading\">Atelier de c\u00e9ramique contemporaine<\/h1>\n\n\n\n<p>Pi\u00e8ces uniques et petites s\u00e9ries fa\u00e7onn\u00e9es \u00e0 la main, pour le quotidien, la table et les moments pr\u00e9cieux.<\/p>\n\n\n\n<figure class=\"wp-block-gallery has-nested-images columns-default is-cropped wp-block-gallery-1 is-layout-flex wp-block-gallery-is-layout-flex\">\n<figure class=\"wp-block-image size-large\"><img loading=\"lazy\" decoding=\"async\" width=\"768\" height=\"1024\" data-id=\"153\" src=\"https:\/\/ateliersaintgeorges-ceramique.fr\/wp-content\/uploads\/2025\/11\/IMG_5911-2-768x1024.png\" alt=\"\" class=\"wp-image-153\" srcset=\"https:\/\/ateliersaintgeorges-ceramique.fr\/wp-content\/uploads\/2025\/11\/IMG_5911-2-768x1024.png 768w, https:\/\/ateliersaintgeorges-ceramique.fr\/wp-content\/uploads\/2025\/11\/IMG_5911-2-225x300.png 225w, https:\/\/ateliersaintgeorges-ceramique.fr\/wp-content\/uploads\/2025\/11\/IMG_5911-2-1152x1536.png 1152w, https:\/\/ateliersaintgeorges-ceramique.fr\/wp-content\/uploads\/2025\/11\/IMG_5911-2-1536x2048.png 1536w, https:\/\/ateliersaintgeorges-ceramique.fr\/wp-content\/uploads\/2025\/11\/IMG_5911-2.png 1759w\" sizes=\"auto, (max-width: 768px) 100vw, 768px\" \/><\/figure>\n\n\n\n<figure class=\"wp-block-image size-large\"><img loading=\"lazy\" decoding=\"async\" width=\"768\" height=\"1024\" data-id=\"154\" src=\"https:\/\/ateliersaintgeorges-ceramique.fr\/wp-content\/uploads\/2025\/11\/IMG_5683-1-768x1024.png\" alt=\"\" class=\"wp-image-154\" srcset=\"https:\/\/ateliersaintgeorges-ceramique.fr\/wp-content\/uploads\/2025\/11\/IMG_5683-1-768x1024.png 768w, https:\/\/ateliersaintgeorges-ceramique.fr\/wp-content\/uploads\/2025\/11\/IMG_5683-1-225x300.png 225w, https:\/\/ateliersaintgeorges-ceramique.fr\/wp-content\/uploads\/2025\/11\/IMG_5683-1-1152x1536.png 1152w, https:\/\/ateliersaintgeorges-ceramique.fr\/wp-content\/uploads\/2025\/11\/IMG_5683-1-1536x2048.png 1536w, https:\/\/ateliersaintgeorges-ceramique.fr\/wp-content\/uploads\/2025\/11\/IMG_5683-1-scaled.png 1920w\" sizes=\"auto, (max-width: 768px) 100vw, 768px\" \/><\/figure>\n<\/figure>\n<\/div>\n<\/div>\n\n\n\n<figure class=\"wp-block-gallery has-nested-images columns-2 is-cropped wp-block-gallery-2 is-layout-flex wp-block-gallery-is-layout-flex\">\n<figure class=\"wp-block-image size-large\"><img loading=\"lazy\" decoding=\"async\" width=\"768\" height=\"1024\" data-id=\"157\" src=\"https:\/\/ateliersaintgeorges-ceramique.fr\/wp-content\/uploads\/2025\/11\/IMG_5931-1-768x1024.png\" alt=\"\" class=\"wp-image-157\" srcset=\"https:\/\/ateliersaintgeorges-ceramique.fr\/wp-content\/uploads\/2025\/11\/IMG_5931-1-768x1024.png 768w, https:\/\/ateliersaintgeorges-ceramique.fr\/wp-content\/uploads\/2025\/11\/IMG_5931-1-225x300.png 225w, https:\/\/ateliersaintgeorges-ceramique.fr\/wp-content\/uploads\/2025\/11\/IMG_5931-1.png 1133w\" sizes=\"auto, (max-width: 768px) 100vw, 768px\" \/><\/figure>\n\n\n\n<figure class=\"wp-block-image size-large\"><img loading=\"lazy\" decoding=\"async\" width=\"768\" height=\"1024\" data-id=\"151\" src=\"https:\/\/ateliersaintgeorges-ceramique.fr\/wp-content\/uploads\/2025\/11\/IMG_5876-1-768x1024.png\" alt=\"\" class=\"wp-image-151\" srcset=\"https:\/\/ateliersaintgeorges-ceramique.fr\/wp-content\/uploads\/2025\/11\/IMG_5876-1-768x1024.png 768w, https:\/\/ateliersaintgeorges-ceramique.fr\/wp-content\/uploads\/2025\/11\/IMG_5876-1-225x300.png 225w, https:\/\/ateliersaintgeorges-ceramique.fr\/wp-content\/uploads\/2025\/11\/IMG_5876-1.png 1133w\" sizes=\"auto, (max-width: 768px) 100vw, 768px\" \/><\/figure>\n<\/figure>\n<\/div><\/div>\n\n\n\n<div class=\"wp-block-group\" style=\"padding-top:40px;padding-bottom:40px\"><div class=\"wp-block-group__inner-container is-layout-constrained wp-block-group-is-layout-constrained\">\n<div class=\"wp-block-columns is-layout-flex wp-container-core-columns-is-layout-2679cf2c wp-block-columns-is-layout-flex\">\n<div class=\"wp-block-column is-layout-flow wp-block-column-is-layout-flow\">\n<div class=\"wp-block-group\" style=\"border-width:1px;border-radius:8px;padding-top:24px;padding-right:24px;padding-bottom:24px;padding-left:24px\"><div class=\"wp-block-group__inner-container is-layout-flow wp-block-group-is-layout-flow\">\n<h3 class=\"wp-block-heading\"><a href=\"https:\/\/ateliersaintgeorges-ceramique.fr\/index.php\/savoir-faire\/\" data-type=\"page\" data-id=\"170\">Savoir-faire<\/a><\/h3>\n\n\n\n\n\n<p>Tournage, modelage, moulage, \u00e9maillage, recherche de mati\u00e8res et de couleurs&nbsp;: l\u2019atelier ma\u00eetrise l\u2019ensemble de la cha\u00eene de fabrication, du prototype aux petites s\u00e9ries.<\/p>\n\n\n\n<ul class=\"wp-block-list\">\n<li>Pi\u00e8ces utilitaires (mugs, bols, assiettes)<\/li>\n\n\n\n<li>Objets d\u00e9coratifs (vases, pi\u00e8ces sculpturales)<\/li>\n\n\n\n<li>\u00c9dition limit\u00e9e pour boutiques &amp; restaurants<\/li>\n<\/ul>\n<\/div><\/div>\n<\/div>\n\n\n\n<div class=\"wp-block-column is-layout-flow wp-block-column-is-layout-flow\">\n<div class=\"wp-block-group\" style=\"border-width:1px;border-radius:8px;padding-top:24px;padding-right:24px;padding-bottom:24px;padding-left:24px\"><div class=\"wp-block-group__inner-container is-layout-flow wp-block-group-is-layout-flow\">\n<h3 class=\"wp-block-heading\"><a href=\"https:\/\/ateliersaintgeorges-ceramique.fr\/index.php\/projets\/\" data-type=\"page\" data-id=\"203\">Projets<\/a><\/h3>\n\n\n\n\n\n<p>Cr\u00e9ations sur mesure pour professionnels et particuliers&nbsp;: de la pi\u00e8ce signature aux projets architecturaux.<\/p>\n<\/div><\/div>\n<\/div>\n\n\n\n<div class=\"wp-block-column is-layout-flow wp-block-column-is-layout-flow\">\n<div class=\"wp-block-group\" style=\"border-width:1px;border-radius:8px;padding-top:24px;padding-right:24px;padding-bottom:24px;padding-left:24px\"><div class=\"wp-block-group__inner-container is-layout-flow wp-block-group-is-layout-flow\">\n<h3 class=\"wp-block-heading\">L\u2019<a href=\"https:\/\/ateliersaintgeorges-ceramique.fr\/index.php\/atelier\/\" data-type=\"page\" data-id=\"53\">Atelier<\/a><\/h3>\n\n\n\n\n\n<p>Situ\u00e9 \u00e0 Saint-Georges-de-Montaigu, l\u2019atelier est un espace de cr\u00e9ation et de transmission&nbsp;: temps de recherche, production, mais aussi accueil du public lors de visites, d\u2019ateliers et de portes ouvertes.<\/p>\n<\/div><\/div>\n<\/div>\n<\/div>\n<\/div><\/div>\n\n\n\n<div class=\"wp-block-group has-background\" style=\"background-color:#ebe6dd;padding-top:60px;padding-right:30px;padding-bottom:60px;padding-left:30px\"><div class=\"wp-block-group__inner-container is-layout-constrained wp-container-core-group-is-layout-e77c4615 wp-block-group-is-layout-constrained\">\n<h2 class=\"wp-block-heading has-text-align-center\">Pr\u00eat\u00b7e \u00e0 d\u00e9couvrir nos pi\u00e8ces&nbsp;?<\/h2>\n\n\n\n<p class=\"has-text-align-center\">D\u00e9couvrez les collections disponibles en ligne ou contactez l\u2019atelier pour un projet sur mesure, une commande sp\u00e9ciale ou une collaboration.<\/p>\n\n\n\n<div class=\"wp-block-buttons is-content-justification-center is-layout-flex wp-container-core-buttons-is-layout-16018d1d wp-block-buttons-is-layout-flex\">\n<div class=\"wp-block-button\"><a class=\"wp-block-button__link wp-element-button\">D\u00e9couvrir nos cr\u00e9ations<\/a><\/div>\n\n\n\n<div class=\"wp-block-button is-style-outline is-style-outline--3\"><a class=\"wp-block-button__link wp-element-button\">Nous contacter<\/a><\/div>\n<\/div>\n<\/div><\/div>\n\n\n\n<div class=\"wp-block-group has-text-color has-background\" style=\"color:#ffffff;background-color:#222222;padding-top:40px;padding-right:30px;padding-bottom:40px;padding-left:30px\"><div class=\"wp-block-group__inner-container is-layout-constrained wp-container-core-group-is-layout-f32e2028 wp-block-group-is-layout-constrained\">\n<p class=\"has-text-align-center has-small-font-size\"><strong>Atelier Saint Georges<\/strong><\/p>\n\n\n\n<p class=\"has-text-align-center has-small-font-size\">Adresse&nbsp;: 13, la l\u00e9vini\u00e8re, 85600 St Georges de Montaigu, France<\/p>\n\n\n\n<p class=\"has-text-align-center has-small-font-size\">Mail&nbsp;: <a href=\"mailto:contact@ateliersaintgeorges-ceramique.fr\">contact@ateliersaintgeorges-ceramique.fr<\/a> &nbsp;|&nbsp; T\u00e9l.&nbsp;: <a href=\"tel:+33661022674\">+33 (0)6 61 02 26 74<\/a> \/ <a href=\"tel:+33660586344\">+33 (0)6 60 58 63 44<\/a><\/p>\n\n\n\n<p class=\"has-text-align-center has-small-font-size\">Instagram&nbsp;: <a href=\"https:\/\/www.instagram.com\/atelierstgeorges\" target=\"_blank\" rel=\"noreferrer noopener\">@atelierstgeorges<\/a><\/p>\n<\/div><\/div>\n<\/div><\/main>\n\n\n\n<p><\/p>\n","protected":false},"excerpt":{"rendered":"<p>Un atelier d\u00e9di\u00e9 \u00e0 la mati\u00e8re, au geste et au temps long L\u2019atelier cr\u00e9e des pi\u00e8ces en gr\u00e8s et en porcelaine, tourn\u00e9es ou fa\u00e7onn\u00e9es \u00e0 la main. Notre mission&nbsp;: proposer des objets qui accompagnent les gestes du quotidien, alliant utilit\u00e9, confort et po\u00e9sie. De la recherche des terres aux cuissons \u00e0 haute temp\u00e9rature, chaque \u00e9tape<\/p>\n","protected":false},"author":1,"featured_media":0,"parent":0,"menu_order":0,"comment_status":"closed","ping_status":"closed","template":"","meta":{"footnotes":""},"class_list":["post-127","page","type-page","status-publish","hentry"],"_links":{"self":[{"href":"https:\/\/ateliersaintgeorges-ceramique.fr\/index.php\/wp-json\/wp\/v2\/pages\/127","targetHints":{"allow":["GET"]}}],"collection":[{"href":"https:\/\/ateliersaintgeorges-ceramique.fr\/index.php\/wp-json\/wp\/v2\/pages"}],"about":[{"href":"https:\/\/ateliersaintgeorges-ceramique.fr\/index.php\/wp-json\/wp\/v2\/types\/page"}],"author":[{"embeddable":true,"href":"https:\/\/ateliersaintgeorges-ceramique.fr\/index.php\/wp-json\/wp\/v2\/users\/1"}],"replies":[{"embeddable":true,"href":"https:\/\/ateliersaintgeorges-ceramique.fr\/index.php\/wp-json\/wp\/v2\/comments?post=127"}],"version-history":[{"count":25,"href":"https:\/\/ateliersaintgeorges-ceramique.fr\/index.php\/wp-json\/wp\/v2\/pages\/127\/revisions"}],"predecessor-version":[{"id":210,"href":"https:\/\/ateliersaintgeorges-ceramique.fr\/index.php\/wp-json\/wp\/v2\/pages\/127\/revisions\/210"}],"wp:attachment":[{"href":"https:\/\/ateliersaintgeorges-ceramique.fr\/index.php\/wp-json\/wp\/v2\/media?parent=127"}],"curies":[{"name":"wp","href":"https:\/\/api.w.org\/{rel}","templated":true}]}}